{"id":1142,"date":"2023-05-10T11:50:29","date_gmt":"2023-05-10T09:50:29","guid":{"rendered":"http:\/\/sartoriteva.com\/?page_id=1142"},"modified":"2025-10-31T10:32:06","modified_gmt":"2025-10-31T09:32:06","slug":"about","status":"publish","type":"page","link":"https:\/\/sartoriteva.com\/index.php\/about\/","title":{"rendered":"\u00e0 propos"},"content":{"rendered":"\n<h2 class=\"wp-block-heading\">\u00e0 propos<\/h2>\n\n\n\n<p><\/p>\n\n\n\n<p class=\"has-text-align-left\"><strong>Je suis T\u00e9va Sartori, directrice artistique et designer.<\/strong><\/p>\n\n\n\n<p class=\"has-text-align-left\">J\u2019aime raconter des histoires, donner vie \u00e0 des projets, des produits. \u00c0 travers ma marque \u00e9ponyme, je partage mon univers, mes valeurs, mes \u00e9motions. Mais j\u2019aime aussi explorer, cr\u00e9er et collaborer au sein d\u2019autres projets. Mon travail prend vie dans des domaines vari\u00e9s, toujours guid\u00e9 par la passion du beau et du sens.<\/p>\n\n\n\n<p class=\"has-text-align-left\"><strong>Mon parcours ?<\/strong><\/p>\n\n\n\n<p class=\"has-text-align-left\">Tout a commenc\u00e9 en 2013, avec un blog personnel. Apr\u00e8s un cursus en \u00e9cole de mode et plusieurs exp\u00e9riences en maisons et grands magasins, j\u2019ai lanc\u00e9 ma marque \u00e9ponyme. Aujourd\u2019hui, je travaille \u00e9galement\u00a0<strong>en freelance<\/strong>\u00a0en tant que\u00a0<strong>directrice artistiqu<\/strong>e. Je suis disponible pour accompagner vos projets \u2013\u00a0<em>de mani\u00e8re ponctuelle ou sur la dur\u00e9e<\/em>\u00a0\u2013 en leur apportant une vision globale, sensible et cr\u00e9ative.<\/p>\n\n\n\n<p class=\"has-text-align-left\">Bas\u00e9e \u00e0 Annecy, je suis disponible pour me d\u00e9placer selon les besoins.<\/p>\n\n\n\n<p class=\"has-text-align-left\"><strong>Vous avez un projet ?<\/strong>&nbsp;Parlons-en !<\/p>\n\n\n\n<p class=\"has-text-align-left\">bonjour@sartoriteva.com<\/p>\n","protected":false},"excerpt":{"rendered":"<p>\u00e0 propos Je suis T\u00e9va Sartori, directrice artistique et designer. J\u2019aime raconter des histoires, donner vie \u00e0 des projets, des produits. \u00c0 travers ma marque \u00e9ponyme, je partage mon univers, mes valeurs, mes \u00e9motions. Mais j\u2019aime aussi explorer, cr\u00e9er et collaborer au sein d\u2019autres projets. Mon travail prend vie dans des domaines vari\u00e9s, toujours guid\u00e9 [&hellip;]<\/p>\n","protected":false},"author":1,"featured_media":1823,"parent":0,"menu_order":0,"comment_status":"closed","ping_status":"closed","template":"","meta":{"footnotes":""},"class_list":["post-1142","page","type-page","status-publish","has-post-thumbnail","hentry"],"_links":{"self":[{"href":"https:\/\/sartoriteva.com\/index.php\/wp-json\/wp\/v2\/pages\/1142","targetHints":{"allow":["GET"]}}],"collection":[{"href":"https:\/\/sartoriteva.com\/index.php\/wp-json\/wp\/v2\/pages"}],"about":[{"href":"https:\/\/sartoriteva.com\/index.php\/wp-json\/wp\/v2\/types\/page"}],"author":[{"embeddable":true,"href":"https:\/\/sartoriteva.com\/index.php\/wp-json\/wp\/v2\/users\/1"}],"replies":[{"embeddable":true,"href":"https:\/\/sartoriteva.com\/index.php\/wp-json\/wp\/v2\/comments?post=1142"}],"version-history":[{"count":10,"href":"https:\/\/sartoriteva.com\/index.php\/wp-json\/wp\/v2\/pages\/1142\/revisions"}],"predecessor-version":[{"id":1855,"href":"https:\/\/sartoriteva.com\/index.php\/wp-json\/wp\/v2\/pages\/1142\/revisions\/1855"}],"wp:featuredmedia":[{"embeddable":true,"href":"https:\/\/sartoriteva.com\/index.php\/wp-json\/wp\/v2\/media\/1823"}],"wp:attachment":[{"href":"https:\/\/sartoriteva.com\/index.php\/wp-json\/wp\/v2\/media?parent=1142"}],"curies":[{"name":"wp","href":"https:\/\/api.w.org\/{rel}","templated":true}]}}