{"id":1808,"date":"2025-10-31T09:42:26","date_gmt":"2025-10-31T08:42:26","guid":{"rendered":"http:\/\/sartoriteva.com\/?page_id=1808"},"modified":"2025-11-01T09:52:24","modified_gmt":"2025-11-01T08:52:24","slug":"evenements","status":"publish","type":"page","link":"https:\/\/sartoriteva.com\/index.php\/evenements\/","title":{"rendered":"\u00e9v\u00e9nements"},"content":{"rendered":"\n<h2 class=\"wp-block-heading\">\u00e9v\u00e9nements<\/h2>\n\n\n\n<figure class=\"wp-block-image size-large\"><img loading=\"lazy\" decoding=\"async\" width=\"678\" height=\"1024\" src=\"https:\/\/sartoriteva.com\/wp-content\/uploads\/2025\/10\/popuptevasartori_CHALAL_CHLOE_141025_-23-678x1024.jpg\" alt=\"\" class=\"wp-image-1788\" srcset=\"https:\/\/sartoriteva.com\/wp-content\/uploads\/2025\/10\/popuptevasartori_CHALAL_CHLOE_141025_-23-678x1024.jpg 678w, https:\/\/sartoriteva.com\/wp-content\/uploads\/2025\/10\/popuptevasartori_CHALAL_CHLOE_141025_-23-199x300.jpg 199w, https:\/\/sartoriteva.com\/wp-content\/uploads\/2025\/10\/popuptevasartori_CHALAL_CHLOE_141025_-23-768x1160.jpg 768w, https:\/\/sartoriteva.com\/wp-content\/uploads\/2025\/10\/popuptevasartori_CHALAL_CHLOE_141025_-23-1017x1536.jpg 1017w, https:\/\/sartoriteva.com\/wp-content\/uploads\/2025\/10\/popuptevasartori_CHALAL_CHLOE_141025_-23-1356x2048.jpg 1356w, https:\/\/sartoriteva.com\/wp-content\/uploads\/2025\/10\/popuptevasartori_CHALAL_CHLOE_141025_-23-scaled.jpg 1696w\" sizes=\"auto, (max-width: 678px) 100vw, 678px\" \/><figcaption class=\"wp-element-caption\">t\u00e9va sartori en physique, pop up \u00e0 paris<\/figcaption><\/figure>\n\n\n\n<div class=\"wp-block-buttons is-layout-flex wp-block-buttons-is-layout-flex\">\n<div class=\"wp-block-button\"><a class=\"wp-block-button__link wp-element-button\" href=\"https:\/\/sartoriteva.com\/index.php\/2025\/10\/31\/organisation-et-communication-dun-evenement\/\">voir plus<\/a><\/div>\n<\/div>\n\n\n\n<div style=\"height:100px\" aria-hidden=\"true\" class=\"wp-block-spacer\"><\/div>\n\n\n\n<figure class=\"wp-block-image size-large\"><img loading=\"lazy\" decoding=\"async\" width=\"683\" height=\"1024\" src=\"https:\/\/sartoriteva.com\/wp-content\/uploads\/2025\/03\/teva-sartori-x-les-baigneurs-08-1-683x1024.jpg\" alt=\"\" class=\"wp-image-1609\" srcset=\"https:\/\/sartoriteva.com\/wp-content\/uploads\/2025\/03\/teva-sartori-x-les-baigneurs-08-1-683x1024.jpg 683w, https:\/\/sartoriteva.com\/wp-content\/uploads\/2025\/03\/teva-sartori-x-les-baigneurs-08-1-200x300.jpg 200w, https:\/\/sartoriteva.com\/wp-content\/uploads\/2025\/03\/teva-sartori-x-les-baigneurs-08-1-768x1152.jpg 768w, https:\/\/sartoriteva.com\/wp-content\/uploads\/2025\/03\/teva-sartori-x-les-baigneurs-08-1-1024x1536.jpg 1024w, https:\/\/sartoriteva.com\/wp-content\/uploads\/2025\/03\/teva-sartori-x-les-baigneurs-08-1-1365x2048.jpg 1365w, https:\/\/sartoriteva.com\/wp-content\/uploads\/2025\/03\/teva-sartori-x-les-baigneurs-08-1-scaled.jpg 1707w\" sizes=\"auto, (max-width: 683px) 100vw, 683px\" \/><\/figure>\n\n\n\n<p>t\u00e9va sartori aux baigneurs caf\u00e9, soir\u00e9e pr\u00e9sentation de collection<\/p>\n\n\n\n<div class=\"wp-block-buttons is-layout-flex wp-block-buttons-is-layout-flex\">\n<div class=\"wp-block-button\"><a class=\"wp-block-button__link wp-element-button\" href=\"https:\/\/sartoriteva.com\/index.php\/2024\/09\/24\/teva-sartori-chez-les-baigneurs\/\">voir plus<\/a><\/div>\n<\/div>\n\n\n\n<p><\/p>\n\n\n\n<figure class=\"wp-block-image size-large\"><img loading=\"lazy\" decoding=\"async\" width=\"683\" height=\"1024\" src=\"https:\/\/sartoriteva.com\/wp-content\/uploads\/2025\/11\/E4FB52D3-4104-46D1-8903-96B36596FAF2_1_105_c-683x1024.jpeg\" alt=\"\" class=\"wp-image-1882\" srcset=\"https:\/\/sartoriteva.com\/wp-content\/uploads\/2025\/11\/E4FB52D3-4104-46D1-8903-96B36596FAF2_1_105_c-683x1024.jpeg 683w, https:\/\/sartoriteva.com\/wp-content\/uploads\/2025\/11\/E4FB52D3-4104-46D1-8903-96B36596FAF2_1_105_c-200x300.jpeg 200w, https:\/\/sartoriteva.com\/wp-content\/uploads\/2025\/11\/E4FB52D3-4104-46D1-8903-96B36596FAF2_1_105_c.jpeg 724w\" sizes=\"auto, (max-width: 683px) 100vw, 683px\" \/><\/figure>\n\n\n\n<p>t\u00e9va sartori pr\u00e9sentation du pic au huddle caf\u00e9<\/p>\n\n\n\n<div class=\"wp-block-buttons is-layout-flex wp-block-buttons-is-layout-flex\">\n<div class=\"wp-block-button\"><a class=\"wp-block-button__link wp-element-button\" href=\"https:\/\/sartoriteva.com\/index.php\/2024\/03\/10\/teva-sartori-presentation-du-pic-au-huddle-cafe\/\">voir plus<\/a><\/div>\n<\/div>\n\n\n\n<p><\/p>\n\n\n\n<p><\/p>\n","protected":false},"excerpt":{"rendered":"<p>\u00e9v\u00e9nements t\u00e9va sartori aux baigneurs caf\u00e9, soir\u00e9e pr\u00e9sentation de collection t\u00e9va sartori pr\u00e9sentation du pic au huddle caf\u00e9<\/p>\n","protected":false},"author":1,"featured_media":0,"parent":0,"menu_order":0,"comment_status":"closed","ping_status":"closed","template":"","meta":{"footnotes":""},"class_list":["post-1808","page","type-page","status-publish","hentry"],"_links":{"self":[{"href":"https:\/\/sartoriteva.com\/index.php\/wp-json\/wp\/v2\/pages\/1808","targetHints":{"allow":["GET"]}}],"collection":[{"href":"https:\/\/sartoriteva.com\/index.php\/wp-json\/wp\/v2\/pages"}],"about":[{"href":"https:\/\/sartoriteva.com\/index.php\/wp-json\/wp\/v2\/types\/page"}],"author":[{"embeddable":true,"href":"https:\/\/sartoriteva.com\/index.php\/wp-json\/wp\/v2\/users\/1"}],"replies":[{"embeddable":true,"href":"https:\/\/sartoriteva.com\/index.php\/wp-json\/wp\/v2\/comments?post=1808"}],"version-history":[{"count":7,"href":"https:\/\/sartoriteva.com\/index.php\/wp-json\/wp\/v2\/pages\/1808\/revisions"}],"predecessor-version":[{"id":1897,"href":"https:\/\/sartoriteva.com\/index.php\/wp-json\/wp\/v2\/pages\/1808\/revisions\/1897"}],"wp:attachment":[{"href":"https:\/\/sartoriteva.com\/index.php\/wp-json\/wp\/v2\/media?parent=1808"}],"curies":[{"name":"wp","href":"https:\/\/api.w.org\/{rel}","templated":true}]}}